{"id":24393,"date":"2025-01-05T17:03:58","date_gmt":"2025-01-05T17:03:58","guid":{"rendered":"https:\/\/triberaliving.com\/homepage\/"},"modified":"2026-04-14T14:44:31","modified_gmt":"2026-04-14T14:44:31","slug":"homepage","status":"publish","type":"page","link":"https:\/\/triberaliving.com\/da\/","title":{"rendered":"HOMEPAGE"},"content":{"rendered":"","protected":false},"excerpt":{"rendered":"","protected":false},"author":1,"featured_media":0,"parent":0,"menu_order":0,"comment_status":"closed","ping_status":"closed","template":"","meta":{"_acf_changed":false,"inline_featured_image":false,"footnotes":""},"stay_type":[],"country":[],"new":[],"class_list":["post-24393","page","type-page","status-publish","hentry"],"acf":[],"yoast_head":"<!-- This site is optimized with the Yoast SEO plugin v27.4 - https:\/\/yoast.com\/product\/yoast-seo-wordpress\/ -->\n<title>Fede lejligheder og studieboliger | Tribera<\/title>\n<meta name=\"description\" content=\"Dristig livsstil for kreative hjerner! Moderne studiolejligheder og lejligheder med d\u00f8gn\u00e5bent fitnesscenter, coworking og tagterrasser. Oplev livet, f\u00e5 kontakt og skab uforglemmelige minder p\u00e5 Tribera.International boligform for kreative hjerner. Moderne studiolejligheder og lejligheder med d\u00f8gn\u00e5bent fitnesscenter, co-working og fede tagterrasser. Ha&#039; det godt, skab nye forbindelser og f\u00e5 uforglemmelige oplevelser hos Tribera.\" \/>\n<meta name=\"robots\" content=\"index, follow, max-snippet:-1, max-image-preview:large, max-video-preview:-1\" \/>\n<link rel=\"canonical\" href=\"https:\/\/triberaliving.com\/da\/\" \/>\n<meta property=\"og:locale\" content=\"da_DK\" \/>\n<meta property=\"og:type\" content=\"article\" \/>\n<meta property=\"og:title\" content=\"Fede lejligheder og studieboliger | Tribera\" \/>\n<meta property=\"og:description\" content=\"Dristig livsstil for kreative hjerner! Moderne studiolejligheder og lejligheder med d\u00f8gn\u00e5bent fitnesscenter, coworking og tagterrasser. Oplev livet, f\u00e5 kontakt og skab uforglemmelige minder p\u00e5 Tribera.International boligform for kreative hjerner. Moderne studiolejligheder og lejligheder med d\u00f8gn\u00e5bent fitnesscenter, co-working og fede tagterrasser. Ha&#039; det godt, skab nye forbindelser og f\u00e5 uforglemmelige oplevelser hos Tribera.\" \/>\n<meta property=\"og:url\" content=\"https:\/\/triberaliving.com\/da\/\" \/>\n<meta property=\"og:site_name\" content=\"Tribera Living\" \/>\n<meta property=\"article:modified_time\" content=\"2026-04-14T14:44:31+00:00\" \/>\n<meta property=\"og:image\" content=\"https:\/\/triberaliving.com\/wp-content\/uploads\/2025\/12\/tribera-l.png\" \/>\n\t<meta property=\"og:image:width\" content=\"947\" \/>\n\t<meta property=\"og:image:height\" content=\"638\" \/>\n\t<meta property=\"og:image:type\" content=\"image\/png\" \/>\n<meta name=\"twitter:card\" content=\"summary_large_image\" \/>\n<script type=\"application\/ld+json\" class=\"yoast-schema-graph\">{\"@context\":\"https:\\\/\\\/schema.org\",\"@graph\":[{\"@type\":\"WebPage\",\"@id\":\"https:\\\/\\\/triberaliving.com\\\/da\\\/\",\"url\":\"https:\\\/\\\/triberaliving.com\\\/da\\\/\",\"name\":\"Fede lejligheder og studieboliger | Tribera\",\"isPartOf\":{\"@id\":\"https:\\\/\\\/triberaliving.com\\\/#website\"},\"datePublished\":\"2025-01-05T17:03:58+00:00\",\"dateModified\":\"2026-04-14T14:44:31+00:00\",\"description\":\"Dristig livsstil for kreative hjerner! Moderne studiolejligheder og lejligheder med d\u00f8gn\u00e5bent fitnesscenter, coworking og tagterrasser. Oplev livet, f\u00e5 kontakt og skab uforglemmelige minder p\u00e5 Tribera.International boligform for kreative hjerner. Moderne studiolejligheder og lejligheder med d\u00f8gn\u00e5bent fitnesscenter, co-working og fede tagterrasser. Ha' det godt, skab nye forbindelser og f\u00e5 uforglemmelige oplevelser hos Tribera.\",\"breadcrumb\":{\"@id\":\"https:\\\/\\\/triberaliving.com\\\/da\\\/#breadcrumb\"},\"inLanguage\":\"da-DK\",\"potentialAction\":[{\"@type\":\"ReadAction\",\"target\":[\"https:\\\/\\\/triberaliving.com\\\/da\\\/\"]}]},{\"@type\":\"BreadcrumbList\",\"@id\":\"https:\\\/\\\/triberaliving.com\\\/da\\\/#breadcrumb\",\"itemListElement\":[{\"@type\":\"ListItem\",\"position\":1,\"name\":\"Home\",\"item\":\"https:\\\/\\\/triberaliving.com\\\/da\\\/\"},{\"@type\":\"ListItem\",\"position\":2,\"name\":\"HOMEPAGE\"}]},{\"@type\":\"WebSite\",\"@id\":\"https:\\\/\\\/triberaliving.com\\\/#website\",\"url\":\"https:\\\/\\\/triberaliving.com\\\/\",\"name\":\"Tribera Living\",\"description\":\"Define your era.\",\"publisher\":{\"@id\":\"https:\\\/\\\/triberaliving.com\\\/#organization\"},\"potentialAction\":[{\"@type\":\"SearchAction\",\"target\":{\"@type\":\"EntryPoint\",\"urlTemplate\":\"https:\\\/\\\/triberaliving.com\\\/?s={search_term_string}\"},\"query-input\":{\"@type\":\"PropertyValueSpecification\",\"valueRequired\":true,\"valueName\":\"search_term_string\"}}],\"inLanguage\":\"da-DK\"},{\"@type\":\"Organization\",\"@id\":\"https:\\\/\\\/triberaliving.com\\\/#organization\",\"name\":\"Tribera Living\",\"url\":\"https:\\\/\\\/triberaliving.com\\\/\",\"logo\":{\"@type\":\"ImageObject\",\"inLanguage\":\"da-DK\",\"@id\":\"https:\\\/\\\/triberaliving.com\\\/#\\\/schema\\\/logo\\\/image\\\/\",\"url\":\"https:\\\/\\\/triberaliving.com\\\/wp-content\\\/uploads\\\/2025\\\/12\\\/Logo-1.svg\",\"contentUrl\":\"https:\\\/\\\/triberaliving.com\\\/wp-content\\\/uploads\\\/2025\\\/12\\\/Logo-1.svg\",\"width\":351,\"height\":40,\"caption\":\"Tribera Living\"},\"image\":{\"@id\":\"https:\\\/\\\/triberaliving.com\\\/#\\\/schema\\\/logo\\\/image\\\/\"}}]}<\/script>\n<!-- \/ Yoast SEO plugin. -->","yoast_head_json":{"title":"Fede lejligheder og studieboliger | Tribera","description":"Dristig livsstil for kreative hjerner! Moderne studiolejligheder og lejligheder med d\u00f8gn\u00e5bent fitnesscenter, coworking og tagterrasser. Oplev livet, f\u00e5 kontakt og skab uforglemmelige minder p\u00e5 Tribera.International boligform for kreative hjerner. Moderne studiolejligheder og lejligheder med d\u00f8gn\u00e5bent fitnesscenter, co-working og fede tagterrasser. Ha' det godt, skab nye forbindelser og f\u00e5 uforglemmelige oplevelser hos Tribera.","robots":{"index":"index","follow":"follow","max-snippet":"max-snippet:-1","max-image-preview":"max-image-preview:large","max-video-preview":"max-video-preview:-1"},"canonical":"https:\/\/triberaliving.com\/da\/","og_locale":"da_DK","og_type":"article","og_title":"Fede lejligheder og studieboliger | Tribera","og_description":"Dristig livsstil for kreative hjerner! Moderne studiolejligheder og lejligheder med d\u00f8gn\u00e5bent fitnesscenter, coworking og tagterrasser. Oplev livet, f\u00e5 kontakt og skab uforglemmelige minder p\u00e5 Tribera.International boligform for kreative hjerner. Moderne studiolejligheder og lejligheder med d\u00f8gn\u00e5bent fitnesscenter, co-working og fede tagterrasser. Ha' det godt, skab nye forbindelser og f\u00e5 uforglemmelige oplevelser hos Tribera.","og_url":"https:\/\/triberaliving.com\/da\/","og_site_name":"Tribera Living","article_modified_time":"2026-04-14T14:44:31+00:00","og_image":[{"width":947,"height":638,"url":"https:\/\/triberaliving.com\/wp-content\/uploads\/2025\/12\/tribera-l.png","type":"image\/png"}],"twitter_card":"summary_large_image","schema":{"@context":"https:\/\/schema.org","@graph":[{"@type":"WebPage","@id":"https:\/\/triberaliving.com\/da\/","url":"https:\/\/triberaliving.com\/da\/","name":"Fede lejligheder og studieboliger | Tribera","isPartOf":{"@id":"https:\/\/triberaliving.com\/#website"},"datePublished":"2025-01-05T17:03:58+00:00","dateModified":"2026-04-14T14:44:31+00:00","description":"Dristig livsstil for kreative hjerner! Moderne studiolejligheder og lejligheder med d\u00f8gn\u00e5bent fitnesscenter, coworking og tagterrasser. Oplev livet, f\u00e5 kontakt og skab uforglemmelige minder p\u00e5 Tribera.International boligform for kreative hjerner. Moderne studiolejligheder og lejligheder med d\u00f8gn\u00e5bent fitnesscenter, co-working og fede tagterrasser. Ha' det godt, skab nye forbindelser og f\u00e5 uforglemmelige oplevelser hos Tribera.","breadcrumb":{"@id":"https:\/\/triberaliving.com\/da\/#breadcrumb"},"inLanguage":"da-DK","potentialAction":[{"@type":"ReadAction","target":["https:\/\/triberaliving.com\/da\/"]}]},{"@type":"BreadcrumbList","@id":"https:\/\/triberaliving.com\/da\/#breadcrumb","itemListElement":[{"@type":"ListItem","position":1,"name":"Home","item":"https:\/\/triberaliving.com\/da\/"},{"@type":"ListItem","position":2,"name":"HOMEPAGE"}]},{"@type":"WebSite","@id":"https:\/\/triberaliving.com\/#website","url":"https:\/\/triberaliving.com\/","name":"Tribera Living","description":"Define your era.","publisher":{"@id":"https:\/\/triberaliving.com\/#organization"},"potentialAction":[{"@type":"SearchAction","target":{"@type":"EntryPoint","urlTemplate":"https:\/\/triberaliving.com\/?s={search_term_string}"},"query-input":{"@type":"PropertyValueSpecification","valueRequired":true,"valueName":"search_term_string"}}],"inLanguage":"da-DK"},{"@type":"Organization","@id":"https:\/\/triberaliving.com\/#organization","name":"Tribera Living","url":"https:\/\/triberaliving.com\/","logo":{"@type":"ImageObject","inLanguage":"da-DK","@id":"https:\/\/triberaliving.com\/#\/schema\/logo\/image\/","url":"https:\/\/triberaliving.com\/wp-content\/uploads\/2025\/12\/Logo-1.svg","contentUrl":"https:\/\/triberaliving.com\/wp-content\/uploads\/2025\/12\/Logo-1.svg","width":351,"height":40,"caption":"Tribera Living"},"image":{"@id":"https:\/\/triberaliving.com\/#\/schema\/logo\/image\/"}}]}},"_links":{"self":[{"href":"https:\/\/triberaliving.com\/da\/wp-json\/wp\/v2\/pages\/24393","targetHints":{"allow":["GET"]}}],"collection":[{"href":"https:\/\/triberaliving.com\/da\/wp-json\/wp\/v2\/pages"}],"about":[{"href":"https:\/\/triberaliving.com\/da\/wp-json\/wp\/v2\/types\/page"}],"author":[{"embeddable":true,"href":"https:\/\/triberaliving.com\/da\/wp-json\/wp\/v2\/users\/1"}],"replies":[{"embeddable":true,"href":"https:\/\/triberaliving.com\/da\/wp-json\/wp\/v2\/comments?post=24393"}],"version-history":[{"count":11,"href":"https:\/\/triberaliving.com\/da\/wp-json\/wp\/v2\/pages\/24393\/revisions"}],"predecessor-version":[{"id":25059,"href":"https:\/\/triberaliving.com\/da\/wp-json\/wp\/v2\/pages\/24393\/revisions\/25059"}],"wp:attachment":[{"href":"https:\/\/triberaliving.com\/da\/wp-json\/wp\/v2\/media?parent=24393"}],"wp:term":[{"taxonomy":"stay_type","embeddable":true,"href":"https:\/\/triberaliving.com\/da\/wp-json\/wp\/v2\/stay_type?post=24393"},{"taxonomy":"country","embeddable":true,"href":"https:\/\/triberaliving.com\/da\/wp-json\/wp\/v2\/country?post=24393"},{"taxonomy":"new","embeddable":true,"href":"https:\/\/triberaliving.com\/da\/wp-json\/wp\/v2\/new?post=24393"}],"curies":[{"name":"wp","href":"https:\/\/api.w.org\/{rel}","templated":true}]}}